{"id":108,"date":"2024-08-11T14:17:26","date_gmt":"2024-08-11T12:17:26","guid":{"rendered":"https:\/\/susalu.pt\/?page_id=108"},"modified":"2025-11-25T13:53:58","modified_gmt":"2025-11-25T12:53:58","slug":"home","status":"publish","type":"page","link":"https:\/\/susalu.pt\/de\/","title":{"rendered":"Home"},"content":{"rendered":"<div class=\"wp-block-susalu-plus-svg-image svg-image withoutPadding su-hero-mobile-padding\"><svg viewbox=\"0 0 1920 815.2\" height=\"100%\" class=\"svg-image\" fill=\"transparent\"><clippath id=\"hero-1ad6e91c4095f28cp\" style=\"transform:translateY(35%)\"><use href=\"#hero-1ad6e91c4095f28\"><\/use><\/clippath><image clip-path=\"url(#hero-1ad6e91c4095f28cp)\" href=\"https:\/\/susalu.pt\/wp-content\/uploads\/2024\/07\/index-hero-scaled.jpg\" width=\"100%\" style=\"transform:translateY(-35%)\"><\/image><path id=\"hero-1ad6e91c4095f28\" d=\"m968.66,0H0v776.24c251.1-12.96,233.91,31.96,473.27,31.96s243.87-22.17,487.74-22.17c4.49,0,8.88.01,13.18.03,229.72,1.03,206.97,29.14,474.55,29.14,238.25,0,243.74-39.43,471.25-41.24V0h-951.34Z\"><\/path><\/svg><\/div>\n\n\n\n<div style=\"height:1rem\" aria-hidden=\"true\" class=\"wp-block-spacer su-mobile-only\"><\/div>\n\n\n\n<div class=\"wp-block-group is-style-section is-layout-flow wp-block-group-is-layout-flow\">\n<p class=\"has-text-align-center is-style-quote-bold\">Ich heisse Susa Lu,<br>bin Lebensk\u00fcnstlerin und<br>Expeditionsbegleiterin<\/p>\n\n\n\n<p class=\"has-text-align-center is-style-semi-bold-rw\">und stelle dir hier mich und mein Angebot an dich vor.<\/p>\n\n\n\n<p class=\"has-text-align-center is-style-semi-bold-rw-m\">Schon immer trage ich den Wunsch in mir, frei nach J.W. Goethe's Worten ...<\/p>\n\n\n\n<div style=\"height:1rem\" aria-hidden=\"true\" class=\"wp-block-spacer\"><\/div>\n\n\n\n<div class=\"wp-block-columns are-vertically-aligned-top is-style-section-s-x su-mobile-flex-column su-hide-950 is-layout-flex wp-container-core-columns-is-layout-28f84493 wp-block-columns-is-layout-flex\">\n<div class=\"wp-block-column is-vertically-aligned-top is-layout-flow wp-block-column-is-layout-flow\" style=\"flex-basis:25%\">\n<div class=\"wp-block-susalu-plus-svg-image svg-image withoutPadding su-float-right su-height-50-px\"><svg viewbox=\"0 0 150.06 141.63\" height=\"150px\" class=\"svg-image\" fill=\"rgb(192 212 163)\"><clippath id=\"quote9e4347585dba08cp\" style=\"transform:translateY(0%)\"><use href=\"#quote9e4347585dba08\"><\/use><\/clippath><image clip-path=\"url(#quote9e4347585dba08cp)\" href=\"\" height=\"100%\" style=\"transform:translateY(-0%)\"><\/image><path id=\"quote9e4347585dba08\" d=\"m142.75,0l-12.37,69.13h19.68v72.5h-60.7v-73.06L107.9,0h34.85ZM52.82,0l-11.8,69.13h19.68v72.5H0v-73.06L18.55,0h34.28Z\"><\/path><\/svg><\/div>\n<\/div>\n\n\n\n<div class=\"wp-block-column is-vertically-aligned-top is-layout-flow wp-block-column-is-layout-flow\" style=\"flex-basis:50%\">\n<p class=\"has-text-align-center\">\u201eEs ist so angenehm zugleich die Natur und <br>sich selbst zu erforschen,<br>weder Ihr noch dem eigenen Geist Gewalt anzutun, sondern  beide in sanfter Wechselwirkung <br>miteinander ins Gleichgewicht zu bringen.\u201c<\/p>\n<\/div>\n\n\n\n<div class=\"wp-block-column is-vertically-aligned-top is-layout-flow wp-block-column-is-layout-flow\" style=\"flex-basis:25%\">\n<div class=\"wp-block-susalu-plus-svg-image svg-image withoutPadding su-height-50-px\"><svg viewbox=\"0 0 150.06 141.63\" height=\"150px\" class=\"svg-image\" fill=\"rgb(192 212 163)\"><clippath id=\"quote-1d33d28a431a7acp\" style=\"transform:translateY(0%)\"><use href=\"#quote-1d33d28a431a7a\"><\/use><\/clippath><image clip-path=\"url(#quote-1d33d28a431a7acp)\" href=\"\" height=\"100%\" style=\"transform:translateY(-0%)\"><\/image><path id=\"quote-1d33d28a431a7a\" d=\"m7.31,141.63l12.37-69.13H0V0h60.7v73.06l-18.55,68.57H7.31Zm89.93,0l11.8-69.13h-19.68V0h60.7v73.06l-18.55,68.57h-34.28Z\"><\/path><\/svg><\/div>\n<\/div>\n<\/div>\n\n\n\n<div class=\"wp-block-columns are-vertically-aligned-top is-not-stacked-on-mobile is-style-section-s-x  su-gap-0 su-tablet-mobile-only is-layout-flex wp-container-core-columns-is-layout-28f84493 wp-block-columns-is-layout-flex\">\n<div class=\"wp-block-column is-vertically-aligned-top is-layout-flow wp-block-column-is-layout-flow\" style=\"flex-basis:5%\">\n<div class=\"wp-block-susalu-plus-svg-image svg-image withoutPadding su-float-right su-height-25-px\"><svg viewbox=\"0 0 150.06 141.63\" height=\"50px\" class=\"svg-image\" fill=\"rgb(192 212 163)\"><clippath id=\"quotee1807c530dedecp\" style=\"transform:translateY(0%)\"><use href=\"#quotee1807c530dede\"><\/use><\/clippath><image clip-path=\"url(#quotee1807c530dedecp)\" href=\"\" height=\"100%\" style=\"transform:translateY(-0%)\"><\/image><path id=\"quotee1807c530dede\" d=\"m142.75,0l-12.37,69.13h19.68v72.5h-60.7v-73.06L107.9,0h34.85ZM52.82,0l-11.8,69.13h19.68v72.5H0v-73.06L18.55,0h34.28Z\"><\/path><\/svg><\/div>\n<\/div>\n\n\n\n<div class=\"wp-block-column is-vertically-aligned-top is-layout-flow wp-block-column-is-layout-flow\" style=\"flex-basis:90%\">\n<p class=\"has-text-align-center\">Es ist so angenehm zugleich die Natur und  sich selbst und zu erforschen, weder Ihr noch dem eigenen Geist Gewalt anzutun, sondern  beide in sanfter Wechselwirkung miteinander ins Gleichgewicht zu bringen<\/p>\n<\/div>\n\n\n\n<div class=\"wp-block-column is-vertically-aligned-top su-flex-end is-layout-flow wp-block-column-is-layout-flow\" style=\"flex-basis:5%\">\n<div class=\"wp-block-susalu-plus-svg-image svg-image withoutPadding su-height-25-px\"><svg viewbox=\"0 0 150.06 141.63\" height=\"50px\" class=\"svg-image\" fill=\"rgb(192 212 163)\"><clippath id=\"quote-1f9bd00e3fb1938cp\" style=\"transform:translateY(0%)\"><use href=\"#quote-1f9bd00e3fb1938\"><\/use><\/clippath><image clip-path=\"url(#quote-1f9bd00e3fb1938cp)\" href=\"\" height=\"100%\" style=\"transform:translateY(-0%)\"><\/image><path id=\"quote-1f9bd00e3fb1938\" d=\"m7.31,141.63l12.37-69.13H0V0h60.7v73.06l-18.55,68.57H7.31Zm89.93,0l11.8-69.13h-19.68V0h60.7v73.06l-18.55,68.57h-34.28Z\"><\/path><\/svg><\/div>\n<\/div>\n<\/div>\n\n\n\n<div style=\"height:1rem\" aria-hidden=\"true\" class=\"wp-block-spacer\"><\/div>\n\n\n\n<p class=\"has-text-align-center is-style-limited-width\">...dieses Leben zu erfahren, den h\u00f6heren Sinn darin zu finden, es zu verstehen und dann auch  \u00fcber den Verstand hinaus zu ersp\u00fcren und es vertrauensvoll geschehen lassen.<br><br>In gr\u00f6\u00dfter Dankbarkeit daf\u00fcr, dass mein Leben mich schon so reich beschenkt hat, ich ein kleines Paradis f\u00fcr mich finden konnte und pers\u00f6nlich immer wieder wunderbare Lehrer und Vorbilder hatte,<br><\/p>\n\n\n\n<p class=\"has-text-align-center is-style-semi-bold-rw\">gilt es dies nun auch zu teilen!<\/p>\n\n\n\n<div style=\"height:1rem\" aria-hidden=\"true\" class=\"wp-block-spacer\"><\/div>\n<\/div>\n\n\n\n<div class=\"wp-block-susalu-plus-mosaic-grid\">\n<div class=\"wp-block-susalu-plus-mosaic-grid-row index _0  0 1\">\n<div class=\"wp-block-susalu-plus-mosaic-section-innerblock-svg left _0 center\"><svg viewbox=\"0 0 1121.8 510.56\" width=\"116.85416666666666%\" preserveaspectratio=\"none\" fill=\"transparent\" class=\"image-mobile svg-fill\" style=\"color:\"><clippath id=\"index0cp\" style=\"transform:translateY(19%)\"><use href=\"#index0heart\"><\/use><\/clippath><image clip-path=\"url(#index0cp)\" href=\"https:\/\/susalu.pt\/wp-content\/uploads\/2024\/07\/index-coaching-cut-min.jpg\" width=\"100%\" style=\"transform:translateY(-19%)\"><\/image><path id=\"index0heart\" d=\"m475.27,486.02c272.6,0,243.87,17.16,487.74,17.16,55.45,0,99.52-.93,137.38-2.37,8.48-56.71,19.41-98.8,19.41-228.98s-20.46-173.55-32.58-251.61c-33.86,1.47-73.83,2.39-124.2,2.39-243.87,0-215.13-20.59-487.74-20.59C235.96,2,250.22,39.88,2,26.01v480.01c248.22,11.55,233.96-20.01,473.27-20.01Z\"><\/path><\/svg><div class=\"su-mobile-only background-divider\"><div class=\"divider\"><div class=\"colored-bg\" style=\"background-color:transparent\"><\/div><\/div><div class=\"divider\"><div class=\"paper\"><\/div><div class=\"colored-bg\" style=\"background-color:#B8CC9B\"><\/div><\/div><\/div><div class=\"outer-positioner\"><div class=\"content-positioner\"><div class=\"content-wrapper\"><\/div><\/div><\/div><\/div>\n\n\n\n<div class=\"wp-block-susalu-plus-mosaic-section-innerblock-svg right _1 center\"><svg viewbox=\"0 0 839.1 516.8\" width=\"87.40625000000001%\" preserveaspectratio=\"none\" fill=\"#B8CC9B\" class=\"su-screen-only svg-fill hasBackgroundColor\" style=\"color:#B8CC9B\"><clippath id=\"index1cp\" style=\"transform:translateY(0%)\"><use href=\"#index1heart\"><\/use><\/clippath><path id=\"index1heart\" d=\"m365.85,2C172.36,2,132.38,15.63,2.32,21.26c12.12,78.06,32.58,117.72,32.58,251.61s-10.93,172.27-19.41,228.98c128.66-4.9,185.67-15.66,374.09-15.66,217.98,0,249.77,34.64,447.52,27.69V34.04C617.8,46.86,592.27,2,365.85,2Z\"><\/path><div class=\"paper-texture\"><\/div><path class=\"path-border\" d=\"m365.85,2C172.36,2,132.38,15.63,2.32,21.26c12.12,78.06,32.58,117.72,32.58,251.61s-10.93,172.27-19.41,228.98c128.66-4.9,185.67-15.66,374.09-15.66,217.98,0,249.77,34.64,447.52,27.69V34.04C617.8,46.86,592.27,2,365.85,2Z\"><\/path><\/svg><div class=\"outer-positioner\"><div class=\"content-positioner\"><div class=\"content-wrapper\">\n<div class=\"wp-block-group su-width-4-14 su-float-right is-layout-flow wp-block-group-is-layout-flow\">\n<h3 class=\"wp-block-heading is-style-H3\">Coaching<\/h3>\n\n\n\n<p><br>Mit dem Seinspotential Coaching lade ich dich ein mit mir auf eine der spannendsten Entdeckungsreisen deines Lebens zu gehen.<br><br><\/p>\n\n\n\n<p><strong>Lerne mehr \u00fcber<\/strong> die <styledanchor class=\"is-style-styled-anchor\"><a href=\"https:\/\/susalu.pt\/coaching\/\">potentials of being<\/a><\/styledanchor>, <styledanchor class=\"is-style-styled-anchor\"><a href=\"https:\/\/susalu.pt\/coaching\/seinspotentiale-motivationscoaching\/\">motivation coaching<\/a><\/styledanchor>und <styledanchor class=\"is-style-styled-anchor\"><a data-type=\"page\" data-id=\"17\" href=\"https:\/\/susalu.pt\/coaching\/seinspotentiale-transformationscoaching\/\">transformation coaching<\/a><\/styledanchor><\/p>\n<\/div>\n<\/div><\/div><div class=\"background-mobile su-mobile-only\" style=\"background-color:#B8CC9B;\"><\/div><\/div><\/div>\n<\/div>\n\n\n\n<div class=\"wp-block-susalu-plus-mosaic-grid-row index _1  1\">\n<div class=\"wp-block-susalu-plus-mosaic-section-innerblock-svg left _2 center\"><svg viewbox=\"0 0 1107.2 407.02\" width=\"115.33333333333333%\" preserveaspectratio=\"none\" fill=\"transparent\" class=\"image-mobile svg-fill\" style=\"color:\"><clippath id=\"index2cp\" style=\"transform:translateY(43%)\"><use href=\"#index2heart\"><\/use><\/clippath><image clip-path=\"url(#index2cp)\" href=\"https:\/\/susalu.pt\/wp-content\/uploads\/2024\/07\/index-retreats-scaled.jpg\" width=\"100%\" style=\"transform:translateY(-43%)\"><\/image><path id=\"index2heart\" d=\"m478.51,407.02c243.87,0,267.6-18.04,511.47-18.04,48.27,0,85.86.67,117.22,1.75-6.28-87.75-18.56-82.83-18.56-224.46,0-73.78,4.39-115.57,9.76-151.49-37.86,1.44-81.93,2.37-137.38,2.37C717.14,17.16,745.88,0,473.27,0,233.96,0,248.22,31.55,0,20.01v371.36c226.02-11.87,249.62,15.65,478.51,15.65Z\"><\/path><\/svg><div class=\"su-mobile-only background-divider\"><div class=\"divider\"><div class=\"paper\"><\/div><div class=\"colored-bg\" style=\"background-color:#B8CC9B\"><\/div><\/div><div class=\"divider\"><div class=\"paper\"><\/div><div class=\"colored-bg\" style=\"background-color:rgb(153 203 210)\"><\/div><\/div><\/div><div class=\"outer-positioner\"><div class=\"content-positioner\"><div class=\"content-wrapper\"><\/div><\/div><\/div><\/div>\n\n\n\n<div class=\"wp-block-susalu-plus-mosaic-section-innerblock-svg right _3 center\"><svg viewbox=\"0 0 835.37 411.02\" width=\"87.01770833333333%\" preserveaspectratio=\"none\" fill=\"rgb(153 203 210)\" class=\"su-screen-only svg-fill hasBackgroundColor\" style=\"color:rgb(153 203 210)\"><clippath id=\"index3cp\" style=\"transform:translateY(0%)\"><use href=\"#index3heart\"><\/use><\/clippath><path id=\"index3heart\" d=\"m385.85,2C197.43,2,140.42,12.77,11.76,17.66,6.39,53.59,2,95.38,2,169.16c0,141.63,12.29,136.71,18.56,224.46,127.08,4.37,151.88,15.4,370.52,15.4s225.81-28.87,442.28-21.28V29.69c-197.75,6.95-229.54-27.69-447.52-27.69Z\"><\/path><div class=\"paper-texture\"><\/div><path class=\"path-border\" d=\"m385.85,2C197.43,2,140.42,12.77,11.76,17.66,6.39,53.59,2,95.38,2,169.16c0,141.63,12.29,136.71,18.56,224.46,127.08,4.37,151.88,15.4,370.52,15.4s225.81-28.87,442.28-21.28V29.69c-197.75,6.95-229.54-27.69-447.52-27.69Z\"><\/path><\/svg><div class=\"outer-positioner\"><div class=\"content-positioner\"><div class=\"content-wrapper\">\n<div class=\"wp-block-group su-width-4-14 su-float-right is-layout-flow wp-block-group-is-layout-flow\">\n<h3 class=\"wp-block-heading is-style-H3\">Retreats<\/h3>\n\n\n\n<p><br><styledanchor class=\"is-style-styled-anchor\"><a href=\"https:\/\/susalu.pt\/Retreat\/coaching-retreats\/\" data-type=\"retreat\" data-id=\"509\">Find out more here<\/a><\/styledanchor>zu meinem Angebot \"Coaching Retreats\" oder <styledanchor class=\"is-style-styled-anchor\"><a href=\"https:\/\/susalu.pt\/Retreat\/mediumistic-retreat\/\" data-type=\"retreat\" data-id=\"598\">here<\/a><\/styledanchor> \u00fcber das ganz besondere Angebot \"Retreat zwischen den Welten\", einer Kombination aus Yoga und medialen Einheiten.<\/p>\n<\/div>\n<\/div><\/div><div class=\"background-mobile su-mobile-only\" style=\"background-color:rgb(153 203 210);\"><\/div><\/div><\/div>\n<\/div>\n\n\n\n<div class=\"wp-block-susalu-plus-mosaic-grid-row index _2  2 1\">\n<div class=\"wp-block-susalu-plus-mosaic-section-innerblock-svg left _4 center\"><svg viewbox=\"0 0 1110.8 453.88\" width=\"115.70833333333333%\" preserveaspectratio=\"none\" fill=\"transparent\" class=\"image-mobile svg-fill\" style=\"color:\"><clippath id=\"index4cp\" style=\"transform:translateY(30%)\"><use href=\"#index4heart\"><\/use><\/clippath><image clip-path=\"url(#index4cp)\" href=\"https:\/\/susalu.pt\/wp-content\/uploads\/2024\/07\/index-holiday.jpg\" width=\"100%\" style=\"transform:translateY(-30%)\"><\/image><path id=\"index4heart\" d=\"m961.01,453.88c46.39,0,83.94-.8,116.04-2.1-5.69-160.33,33.75-159.59,33.75-334.53,0-48.61-1.45-84.79-3.6-114.9-31.36-1.08-68.95-1.75-117.22-1.75-243.87,0-267.6,18.04-511.47,18.04C249.62,18.62,226.02-8.9,0,2.97v443.1c229.49-1.6,234.33-21.36,473.27-21.36,272.6,0,243.87,29.17,487.74,29.17Z\"><\/path><\/svg><div class=\"su-mobile-only background-divider\"><div class=\"divider\"><div class=\"paper\"><\/div><div class=\"colored-bg\" style=\"background-color:rgb(153 203 210)\"><\/div><\/div><div class=\"divider\"><div class=\"paper\"><\/div><div class=\"colored-bg\" style=\"background-color:rgb(255 218 153)\"><\/div><\/div><\/div><div class=\"outer-positioner\"><div class=\"content-positioner\"><div class=\"content-wrapper\"><\/div><\/div><\/div><\/div>\n\n\n\n<div class=\"wp-block-susalu-plus-mosaic-section-innerblock-svg right _5 center\"><svg viewbox=\"0 0 847.51 474.82\" width=\"88.28229166666667%\" preserveaspectratio=\"none\" fill=\"rgb(255 218 153)\" class=\"su-screen-only svg-fill hasBackgroundColor\" style=\"color:rgb(255 218 153)\"><clippath id=\"index5cp\" style=\"transform:translateY(0%)\"><use href=\"#index5heart\"><\/use><\/clippath><path id=\"index5heart\" d=\"m403.23,24.55c-218.64,0-243.44-11.04-370.52-15.4,2.15,30.11,3.6,66.3,3.6,114.9,0,174.95-39.44,174.2-33.75,334.53,136.65-5.53,174.21-20.06,371.7-20.06,238.72,0,222.26,44.68,471.25,32.06V3.27c-216.47-7.59-213.4,21.28-442.28,21.28Z\"><\/path><div class=\"paper-texture\"><\/div><path class=\"path-border\" d=\"m403.23,24.55c-218.64,0-243.44-11.04-370.52-15.4,2.15,30.11,3.6,66.3,3.6,114.9,0,174.95-39.44,174.2-33.75,334.53,136.65-5.53,174.21-20.06,371.7-20.06,238.72,0,222.26,44.68,471.25,32.06V3.27c-216.47-7.59-213.4,21.28-442.28,21.28Z\"><\/path><\/svg><div class=\"outer-positioner\"><div class=\"content-positioner\"><div class=\"content-wrapper\">\n<div class=\"wp-block-group su-width-4-14 su-float-right is-layout-flow wp-block-group-is-layout-flow\">\n<h3 class=\"wp-block-heading is-style-H3\">Urlaub am Meer<\/h3>\n\n\n\n<p><br><strong>Oder m\u00f6chtest du einfach nur einen tollen Urlaub an einem besonderen Platz machen,<\/strong> in der Ruhe der Natur am offenen Atlantik,\ndann findest du alle Infos dazu <styledanchor class=\"is-style-styled-anchor\"><a href=\"https:\/\/susalu.pt\/ferienvemietung\/\" data-type=\"page\" data-id=\"25\">here<\/a><\/styledanchor><\/p>\n<\/div>\n<\/div><\/div><div class=\"background-mobile su-mobile-only\" style=\"background-color:rgb(255 218 153);\"><\/div><\/div><\/div>\n<\/div>\n\n\n\n<div class=\"wp-block-susalu-plus-mosaic-grid-row-fw index _0  1\"><svg viewbox=\"0 0 1924 340.5\" width=\"100%\" preserveaspectratio=\"none\" fill=\"#6C9222\" class=\"image-mobile svg-fill\"><clippath id=\"indexfw0cp\"><use href=\"#indexfw0heart\"><\/use><\/clippath><path id=\"indexfw0heart\" d=\"m1450.75,9c-197.48,0-235.05,14.53-371.7,20.06-32.1,1.3-69.65,2.1-116.04,2.1-243.87,0-215.13-29.17-487.74-29.17C236.33,2,231.49,21.76,2,23.36v315.15h1920V41.06c-249,12.62-232.53-32.06-471.25-32.06Z\"><\/path><image class=\"shape\" clip-path=\"url(#indexfw0cp)\" href=\"\/wp-content\/plugins\/susalu-plus\/assets\/svg\/svg-container\/paper.jpg\" width=\"100%\" height=\"100%\" preserveaspectratio=\"none\"><\/image><\/svg><div class=\"su-mobile-only background-divider\"><div class=\"divider\"><div class=\"paper\"><\/div><div class=\"colored-bg\" style=\"background-color:rgb(255 218 153)\"><\/div><\/div><div class=\"divider\"><div class=\"colored-bg\" style=\"background-color:transparent\"><\/div><\/div><\/div><div class=\"outer-positioner\"><div class=\"content-positioner\"><div class=\"content-wrapper\">\n<div class=\"wp-block-susalu-plus-mosaic-quote is-style-cover fw  _white\">\n<p>\u00dcber meine pers\u00f6nliche Geschichte und Entwicklung findest du mehr <a href=\"https:\/\/susalu.pt\/de\/ueber-mich\/\" data-type=\"page\" data-id=\"5\">hier<\/a><\/p>\n<\/div>\n<\/div><\/div><\/div><\/div>\n<\/div>","protected":false},"excerpt":{"rendered":"<p>My name is Susa Lu,I am a life artist andexpedition guide, and I am here to introduce myself and my offerings to you. I have always carried within me the desire, beautifully expressed in the words of J.W. Goethe: \u201cIt is so delightful to explore nature and oneself at the same time,to neither force her [&hellip;]<\/p>","protected":false},"author":1,"featured_media":519,"parent":0,"menu_order":1,"comment_status":"closed","ping_status":"closed","template":"","meta":{"og_title":"Susalu","og_description":"My name is Susa Lu. I am a life artist and expedition guide, and I am here to introduce myself and my offerings to you","og_image":"","og_override_image":false,"footnotes":""},"class_list":["post-108","page","type-page","status-publish","has-post-thumbnail","hentry"],"yoast_head":"<!-- This site is optimized with the Yoast SEO plugin v26.4 - https:\/\/yoast.com\/wordpress\/plugins\/seo\/ -->\n<title>Coaching &amp; Retreats in Portugal \u2013 Motivation &amp; Self-Transformation<\/title>\n<meta name=\"description\" content=\"Motivation or transformation coaching &amp; retreats in Portugal. Boost motivation and achieve lasting self-transformation in a peaceful setting!\" \/>\n<meta name=\"robots\" content=\"index, follow, max-snippet:-1, max-image-preview:large, max-video-preview:-1\" \/>\n<link rel=\"canonical\" href=\"https:\/\/susalu.pt\/de\/\" \/>\n<meta property=\"og:locale\" content=\"de_DE\" \/>\n<meta property=\"og:type\" content=\"article\" \/>\n<meta property=\"og:title\" content=\"Coaching &amp; Retreats in Portugal \u2013 Motivation &amp; Self-Transformation\" \/>\n<meta property=\"og:description\" content=\"Motivation or transformation coaching &amp; retreats in Portugal. Boost motivation and achieve lasting self-transformation in a peaceful setting!\" \/>\n<meta property=\"og:url\" content=\"https:\/\/susalu.pt\/de\/\" \/>\n<meta property=\"og:site_name\" content=\"Susa Lu\" \/>\n<meta property=\"article:modified_time\" content=\"2025-11-25T12:53:58+00:00\" \/>\n<meta property=\"og:image\" content=\"https:\/\/susalu.pt\/wp-content\/uploads\/2024\/07\/index-hero-scaled.jpg\" \/>\n\t<meta property=\"og:image:width\" content=\"2560\" \/>\n\t<meta property=\"og:image:height\" content=\"1707\" \/>\n\t<meta property=\"og:image:type\" content=\"image\/jpeg\" \/>\n<script type=\"application\/ld+json\" class=\"yoast-schema-graph\">{\"@context\":\"https:\/\/schema.org\",\"@graph\":[{\"@type\":\"WebPage\",\"@id\":\"https:\/\/susalu.pt\/\",\"url\":\"https:\/\/susalu.pt\/\",\"name\":\"Coaching & Retreats in Portugal \u2013 Motivation & Self-Transformation\",\"isPartOf\":{\"@id\":\"https:\/\/susalu.pt\/#website\"},\"primaryImageOfPage\":{\"@id\":\"https:\/\/susalu.pt\/#primaryimage\"},\"image\":{\"@id\":\"https:\/\/susalu.pt\/#primaryimage\"},\"thumbnailUrl\":\"https:\/\/susalu.pt\/wp-content\/uploads\/2024\/07\/index-hero-scaled.jpg\",\"datePublished\":\"2024-08-11T12:17:26+00:00\",\"dateModified\":\"2025-11-25T12:53:58+00:00\",\"description\":\"Motivation or transformation coaching & retreats in Portugal. Boost motivation and achieve lasting self-transformation in a peaceful setting!\",\"breadcrumb\":{\"@id\":\"https:\/\/susalu.pt\/#breadcrumb\"},\"inLanguage\":\"de\",\"potentialAction\":[{\"@type\":\"ReadAction\",\"target\":[\"https:\/\/susalu.pt\/\"]}]},{\"@type\":\"ImageObject\",\"inLanguage\":\"de\",\"@id\":\"https:\/\/susalu.pt\/#primaryimage\",\"url\":\"https:\/\/susalu.pt\/wp-content\/uploads\/2024\/07\/index-hero-scaled.jpg\",\"contentUrl\":\"https:\/\/susalu.pt\/wp-content\/uploads\/2024\/07\/index-hero-scaled.jpg\",\"width\":2560,\"height\":1707},{\"@type\":\"BreadcrumbList\",\"@id\":\"https:\/\/susalu.pt\/#breadcrumb\",\"itemListElement\":[{\"@type\":\"ListItem\",\"position\":1,\"name\":\"Startseite\",\"item\":\"https:\/\/susalu.pt\/\"},{\"@type\":\"ListItem\",\"position\":2,\"name\":\"Home\"}]},{\"@type\":\"WebSite\",\"@id\":\"https:\/\/susalu.pt\/#website\",\"url\":\"https:\/\/susalu.pt\/\",\"name\":\"Susa Lu\",\"description\":\"\",\"publisher\":{\"@id\":\"https:\/\/susalu.pt\/#organization\"},\"potentialAction\":[{\"@type\":\"SearchAction\",\"target\":{\"@type\":\"EntryPoint\",\"urlTemplate\":\"https:\/\/susalu.pt\/?s={search_term_string}\"},\"query-input\":{\"@type\":\"PropertyValueSpecification\",\"valueRequired\":true,\"valueName\":\"search_term_string\"}}],\"inLanguage\":\"de\"},{\"@type\":\"Organization\",\"@id\":\"https:\/\/susalu.pt\/#organization\",\"name\":\"Susa Lu\",\"url\":\"https:\/\/susalu.pt\/\",\"logo\":{\"@type\":\"ImageObject\",\"inLanguage\":\"de\",\"@id\":\"https:\/\/susalu.pt\/#\/schema\/logo\/image\/\",\"url\":\"https:\/\/susalu.pt\/wp-content\/uploads\/2024\/08\/logo-susa-lu.png\",\"contentUrl\":\"https:\/\/susalu.pt\/wp-content\/uploads\/2024\/08\/logo-susa-lu.png\",\"width\":333,\"height\":409,\"caption\":\"Susa Lu\"},\"image\":{\"@id\":\"https:\/\/susalu.pt\/#\/schema\/logo\/image\/\"}}]}<\/script>\n<!-- \/ Yoast SEO plugin. -->","yoast_head_json":{"title":"Coaching & Retreats in Portugal \u2013 Motivation & Self-Transformation","description":"Motivation or transformation coaching & retreats in Portugal. Boost motivation and achieve lasting self-transformation in a peaceful setting!","robots":{"index":"index","follow":"follow","max-snippet":"max-snippet:-1","max-image-preview":"max-image-preview:large","max-video-preview":"max-video-preview:-1"},"canonical":"https:\/\/susalu.pt\/de\/","og_locale":"de_DE","og_type":"article","og_title":"Coaching & Retreats in Portugal \u2013 Motivation & Self-Transformation","og_description":"Motivation or transformation coaching & retreats in Portugal. Boost motivation and achieve lasting self-transformation in a peaceful setting!","og_url":"https:\/\/susalu.pt\/de\/","og_site_name":"Susa Lu","article_modified_time":"2025-11-25T12:53:58+00:00","og_image":[{"width":2560,"height":1707,"url":"https:\/\/susalu.pt\/wp-content\/uploads\/2024\/07\/index-hero-scaled.jpg","type":"image\/jpeg"}],"schema":{"@context":"https:\/\/schema.org","@graph":[{"@type":"WebPage","@id":"https:\/\/susalu.pt\/","url":"https:\/\/susalu.pt\/","name":"Coaching & Retreats in Portugal \u2013 Motivation & Self-Transformation","isPartOf":{"@id":"https:\/\/susalu.pt\/#website"},"primaryImageOfPage":{"@id":"https:\/\/susalu.pt\/#primaryimage"},"image":{"@id":"https:\/\/susalu.pt\/#primaryimage"},"thumbnailUrl":"https:\/\/susalu.pt\/wp-content\/uploads\/2024\/07\/index-hero-scaled.jpg","datePublished":"2024-08-11T12:17:26+00:00","dateModified":"2025-11-25T12:53:58+00:00","description":"Motivation or transformation coaching & retreats in Portugal. Boost motivation and achieve lasting self-transformation in a peaceful setting!","breadcrumb":{"@id":"https:\/\/susalu.pt\/#breadcrumb"},"inLanguage":"de","potentialAction":[{"@type":"ReadAction","target":["https:\/\/susalu.pt\/"]}]},{"@type":"ImageObject","inLanguage":"de","@id":"https:\/\/susalu.pt\/#primaryimage","url":"https:\/\/susalu.pt\/wp-content\/uploads\/2024\/07\/index-hero-scaled.jpg","contentUrl":"https:\/\/susalu.pt\/wp-content\/uploads\/2024\/07\/index-hero-scaled.jpg","width":2560,"height":1707},{"@type":"BreadcrumbList","@id":"https:\/\/susalu.pt\/#breadcrumb","itemListElement":[{"@type":"ListItem","position":1,"name":"Startseite","item":"https:\/\/susalu.pt\/"},{"@type":"ListItem","position":2,"name":"Home"}]},{"@type":"WebSite","@id":"https:\/\/susalu.pt\/#website","url":"https:\/\/susalu.pt\/","name":"Susa Lu","description":"","publisher":{"@id":"https:\/\/susalu.pt\/#organization"},"potentialAction":[{"@type":"SearchAction","target":{"@type":"EntryPoint","urlTemplate":"https:\/\/susalu.pt\/?s={search_term_string}"},"query-input":{"@type":"PropertyValueSpecification","valueRequired":true,"valueName":"search_term_string"}}],"inLanguage":"de"},{"@type":"Organization","@id":"https:\/\/susalu.pt\/#organization","name":"Susa Lu","url":"https:\/\/susalu.pt\/","logo":{"@type":"ImageObject","inLanguage":"de","@id":"https:\/\/susalu.pt\/#\/schema\/logo\/image\/","url":"https:\/\/susalu.pt\/wp-content\/uploads\/2024\/08\/logo-susa-lu.png","contentUrl":"https:\/\/susalu.pt\/wp-content\/uploads\/2024\/08\/logo-susa-lu.png","width":333,"height":409,"caption":"Susa Lu"},"image":{"@id":"https:\/\/susalu.pt\/#\/schema\/logo\/image\/"}}]}},"_links":{"self":[{"href":"https:\/\/susalu.pt\/de\/wp-json\/wp\/v2\/pages\/108","targetHints":{"allow":["GET"]}}],"collection":[{"href":"https:\/\/susalu.pt\/de\/wp-json\/wp\/v2\/pages"}],"about":[{"href":"https:\/\/susalu.pt\/de\/wp-json\/wp\/v2\/types\/page"}],"author":[{"embeddable":true,"href":"https:\/\/susalu.pt\/de\/wp-json\/wp\/v2\/users\/1"}],"replies":[{"embeddable":true,"href":"https:\/\/susalu.pt\/de\/wp-json\/wp\/v2\/comments?post=108"}],"version-history":[{"count":74,"href":"https:\/\/susalu.pt\/de\/wp-json\/wp\/v2\/pages\/108\/revisions"}],"predecessor-version":[{"id":1320,"href":"https:\/\/susalu.pt\/de\/wp-json\/wp\/v2\/pages\/108\/revisions\/1320"}],"wp:featuredmedia":[{"embeddable":true,"href":"https:\/\/susalu.pt\/de\/wp-json\/wp\/v2\/media\/519"}],"wp:attachment":[{"href":"https:\/\/susalu.pt\/de\/wp-json\/wp\/v2\/media?parent=108"}],"curies":[{"name":"wp","href":"https:\/\/api.w.org\/{rel}","templated":true}]}}