{"id":466,"date":"2024-05-04T13:59:25","date_gmt":"2024-05-04T11:59:25","guid":{"rendered":"https:\/\/susalu.pt\/?page_id=466"},"modified":"2024-09-30T13:26:31","modified_gmt":"2024-09-30T11:26:31","slug":"contact","status":"publish","type":"page","link":"https:\/\/susalu.pt\/de\/contact\/","title":{"rendered":"Kontakt"},"content":{"rendered":"<div class=\"wp-block-susalu-plus-svg-image svg-image withoutPadding\"><svg viewbox=\"0 0 1920 507.34\" height=\"100%\" class=\"svg-image\" fill=\"transparent\"><clippath id=\"hero-09dbb516da3c588cp\" style=\"transform:translateY(316%)\"><use href=\"#hero-09dbb516da3c588\"><\/use><\/clippath><image clip-path=\"url(#hero-09dbb516da3c588cp)\" href=\"https:\/\/susalu.pt\/wp-content\/uploads\/2024\/07\/pexels-elly-fairytale-3822621-scaled.jpg\" width=\"100%\" style=\"transform:translateY(-316%)\"><\/image><path id=\"hero-09dbb516da3c588\" d=\"m963.52,493.53c64.7-4.8,129.1-9.92,195.21-13.09,249.25-11.97,505.4,4.14,761.28,15.58V0H0v476.1c36.24,2.29,72.4,5.48,108.01,8.44,241.95,20.1,496.67,30,738.04,16.81,39.55-2.16,78.57-4.93,117.47-7.81\"><\/path><\/svg><\/div>\n\n\n\n<div id=\"request-booking\" class=\"wp-block-group is-layout-constrained wp-block-group-is-layout-constrained\">\n<div style=\"height:32px\" aria-hidden=\"true\" class=\"wp-block-spacer\"><\/div>\n\n\n\n<h1 class=\"wp-block-heading has-text-align-center is-style-H1\">Sag Hallo<\/h1>\n\n\n\n<div style=\"height:2rem\" aria-hidden=\"true\" class=\"wp-block-spacer\"><\/div>\n\n\n\n<p class=\"has-text-align-center\">Interessiert du dich f\u00fcr meine Coachings, Retreat-Angebote oder die Ferienvermietung? Oder hast du du eine Idee f\u00fcr eine andere Art der Kooperation, die du gerne besprechen m\u00f6chtest? Ich freue mich sehr darauf, von Dir zu h\u00f6ren!<\/p>\n\n\n\n<div style=\"height:2rem\" aria-hidden=\"true\" class=\"wp-block-spacer\"><\/div>\n\n\n\n<div class=\"wp-block-susalu-plus-svg-container svg-container  \t\t\t \t\t\t\t\t\t\t\t\t}\" color=\"rgb(250 231 163)\"><svg viewbox=\"0 0 1112.5 599.27\" height=\"100%\" width=\"100%\" fill=\"rgb(250 231 163)\" preserveaspectratio=\"none\" class=\"\"><clippath id=\"svg-container-pathb5b59fbb3e39e8cp\"><use href=\"#svg-container-pathb5b59fbb3e39e8shape\"><\/use><\/clippath><path id=\"svg-container-pathb5b59fbb3e39e8shape\" d=\"m.75,51.36c.02-18.53,14.74-33.71,33.27-34.28C219.72,11.3,1117.61-11.02,1101.85,6.73c10.52,7.72,15.25,447.4,4.76,565.12-1.34,15.02-14.26,26.32-29.34,25.72-162.25-6.43-1084.39,11.42-1074.44-6.69C-1.79,626.7.6,190.6.75,51.36Z\"><\/path><image class=\"shape\" clip-path=\"url(#svg-container-pathb5b59fbb3e39e8cp)\" href=\"\/wp-content\/plugins\/susalu-plus\/assets\/svg\/svg-container\/paper.jpg\" width=\"100%\" height=\"100%\" preserveaspectratio=\"none\"><\/image><\/svg><div class=\"content-wrapper\">\n<div style=\"height:4rem\" aria-hidden=\"true\" class=\"wp-block-spacer\"><\/div>\n\n\n\n<h2 class=\"wp-block-heading has-text-align-center\">Deine Nachricht<\/h2>\n\n\n\n<div style=\"height:4rem\" aria-hidden=\"true\" class=\"wp-block-spacer\"><\/div>\n\n\n\n<div class=\"forminator-guttenberg\"><div class=\"forminator-ui forminator-custom-form forminator-custom-form-464 forminator-design--flat  forminator_ajax\" data-forminator-render=\"0\" data-form=\"forminator-module-464\" data-uid=\"69fb3d2ab6dde\"><br\/><\/div><form\n\t\t\t\tid=\"forminator-module-464\"\n\t\t\t\tclass=\"forminator-ui forminator-custom-form forminator-custom-form-464 forminator-design--flat  forminator_ajax\"\n\t\t\t\tmethod=\"post\"\n\t\t\t\tdata-forminator-render=\"0\"\n\t\t\t\tdata-form-id=\"464\"\n\t\t\t\t data-color-option=\"default\" data-design=\"flat\" data-grid=\"open\" style=\"display: none;\"\n\t\t\t\tdata-uid=\"69fb3d2ab6dde\" action=\"\"\n\t\t\t><div role=\"alert\" aria-live=\"polite\" class=\"forminator-response-message forminator-error\" aria-hidden=\"true\"><\/div><div class=\"forminator-row\"><div id=\"name-2\" class=\"forminator-field-name forminator-col forminator-col-12\"><div class=\"forminator-row forminator-no-margin\" data-multiple=\"true\"><div class=\"forminator-col forminator-col-md-6\"><div class=\"forminator-field\"><label for=\"forminator-field-first-name-2_69fb3d2ab6dde\" id=\"forminator-field-first-name-2_69fb3d2ab6dde-label\" class=\"forminator-label\">Vorname<\/label><input type=\"text\" name=\"name-2-first-name\" placeholder=\"\" id=\"forminator-field-first-name-2_69fb3d2ab6dde\" class=\"forminator-input\" aria-required=\"false\" data-multi=\"1\" autocomplete=\"given-name\" value=\"\" \/><\/div><\/div><div class=\"forminator-col forminator-col-md-6\"><div class=\"forminator-field\"><label for=\"forminator-field-last-name-2_69fb3d2ab6dde\" id=\"forminator-field-last-name-2_69fb3d2ab6dde-label\" class=\"forminator-label\">Nachname<\/label><input type=\"text\" name=\"name-2-last-name\" placeholder=\"\" id=\"forminator-field-last-name-2_69fb3d2ab6dde\" class=\"forminator-input\" aria-required=\"false\" data-multi=\"1\" autocomplete=\"family-name\" value=\"\" \/><\/div><\/div><\/div><\/div><\/div><div class=\"forminator-row\"><div id=\"email-1\" class=\"forminator-field-email forminator-col forminator-col-12\"><div class=\"forminator-field\"><label for=\"forminator-field-email-1_69fb3d2ab6dde\" id=\"forminator-field-email-1_69fb3d2ab6dde-label\" class=\"forminator-label\">Mail <span class=\"forminator-required\">*<\/span><\/label><input type=\"email\" name=\"email-1\" value=\"\" placeholder=\"\" id=\"forminator-field-email-1_69fb3d2ab6dde\" class=\"forminator-input forminator-email--field\" data-required=\"true\" aria-required=\"true\" autocomplete=\"email\" \/><\/div><\/div><\/div><div class=\"forminator-row\"><div id=\"textarea-1\" class=\"forminator-field-textarea forminator-col forminator-col-12\"><div class=\"forminator-field\"><label for=\"forminator-field-textarea-1_69fb3d2ab6dde\" id=\"forminator-field-textarea-1_69fb3d2ab6dde-label\" class=\"forminator-label\">Nachricht<\/label><textarea name=\"textarea-1\" placeholder=\"\" id=\"forminator-field-textarea-1_69fb3d2ab6dde\" class=\"forminator-textarea\" rows=\"6\" style=\"min-height:140px;\" maxlength=\"1000\" ><\/textarea><span id=\"forminator-field-textarea-1_69fb3d2ab6dde-description\" class=\"forminator-description\"><span data-limit=\"1000\" data-type=\"characters\" data-editor=\"\">0 \/ 1000<\/span><\/span><\/div><\/div><\/div><input type=\"hidden\" name=\"referer_url\" value=\"\" \/><div class=\"forminator-row forminator-row-last\"><div class=\"forminator-col\"><div class=\"forminator-field\"><button class=\"forminator-button forminator-button-submit\">Send Message<\/button><\/div><\/div><\/div><input type=\"hidden\" id=\"forminator_nonce\" name=\"forminator_nonce\" value=\"cf3040ee5f\" \/><input type=\"hidden\" name=\"_wp_http_referer\" value=\"\/de\/wp-json\/wp\/v2\/pages\/466\" \/><input type=\"hidden\" name=\"form_id\" value=\"464\"><input type=\"hidden\" name=\"page_id\" value=\"466\"><input type=\"hidden\" name=\"form_type\" value=\"default\"><input type=\"hidden\" name=\"current_url\" value=\"https:\/\/susalu.pt\/de\/contact\/\"><input type=\"hidden\" name=\"render_id\" value=\"0\"><input type=\"hidden\" name=\"action\" value=\"forminator_submit_form_custom-forms\"><label for=\"input_4\" class=\"forminator-hidden\" aria-hidden=\"true\">Bitte f\u00fclle dieses Feld nicht aus. <input id=\"input_4\" type=\"text\" name=\"input_4\" value=\"\" autocomplete=\"off\"><\/label><input type=\"hidden\" name=\"trp-form-language\" value=\"de\"\/><\/form><\/div>\n<\/div><\/div>\n\n\n\n<div style=\"height:2rem\" aria-hidden=\"true\" class=\"wp-block-spacer\"><\/div>\n<\/div>","protected":false},"excerpt":{"rendered":"<p>Reach out Are you interested in my coaching services, retreat offerings, or holiday rental options? Do you have a collaboration idea you&#8217;d like to explore? I would love to hear from you! Please feel free to leave me a message.<\/p>","protected":false},"author":1,"featured_media":0,"parent":0,"menu_order":0,"comment_status":"closed","ping_status":"closed","template":"","meta":{"og_title":"","og_description":"","og_image":"","og_override_image":false,"footnotes":""},"class_list":["post-466","page","type-page","status-publish","hentry"],"yoast_head":"<!-- This site is optimized with the Yoast SEO plugin v26.4 - https:\/\/yoast.com\/wordpress\/plugins\/seo\/ -->\n<title>Contact - Susa Lu<\/title>\n<meta name=\"robots\" content=\"index, follow, max-snippet:-1, max-image-preview:large, max-video-preview:-1\" \/>\n<link rel=\"canonical\" href=\"https:\/\/susalu.pt\/de\/contact\/\" \/>\n<meta property=\"og:locale\" content=\"de_DE\" \/>\n<meta property=\"og:type\" content=\"article\" \/>\n<meta property=\"og:title\" content=\"Contact - Susa Lu\" \/>\n<meta property=\"og:description\" content=\"Reach out Are you interested in my coaching services, retreat offerings, or holiday rental options? Do you have a collaboration idea you&#8217;d like to explore? I would love to hear from you! Please feel free to leave me a message.\" \/>\n<meta property=\"og:url\" content=\"https:\/\/susalu.pt\/de\/contact\/\" \/>\n<meta property=\"og:site_name\" content=\"Susa Lu\" \/>\n<meta property=\"article:modified_time\" content=\"2024-09-30T11:26:31+00:00\" \/>\n<script type=\"application\/ld+json\" class=\"yoast-schema-graph\">{\"@context\":\"https:\/\/schema.org\",\"@graph\":[{\"@type\":\"WebPage\",\"@id\":\"https:\/\/susalu.pt\/contact\/\",\"url\":\"https:\/\/susalu.pt\/contact\/\",\"name\":\"Contact - Susa Lu\",\"isPartOf\":{\"@id\":\"https:\/\/susalu.pt\/#website\"},\"datePublished\":\"2024-05-04T11:59:25+00:00\",\"dateModified\":\"2024-09-30T11:26:31+00:00\",\"breadcrumb\":{\"@id\":\"https:\/\/susalu.pt\/contact\/#breadcrumb\"},\"inLanguage\":\"de\",\"potentialAction\":[{\"@type\":\"ReadAction\",\"target\":[\"https:\/\/susalu.pt\/contact\/\"]}]},{\"@type\":\"BreadcrumbList\",\"@id\":\"https:\/\/susalu.pt\/contact\/#breadcrumb\",\"itemListElement\":[{\"@type\":\"ListItem\",\"position\":1,\"name\":\"Startseite\",\"item\":\"https:\/\/susalu.pt\/\"},{\"@type\":\"ListItem\",\"position\":2,\"name\":\"Contact\"}]},{\"@type\":\"WebSite\",\"@id\":\"https:\/\/susalu.pt\/#website\",\"url\":\"https:\/\/susalu.pt\/\",\"name\":\"Susa Lu\",\"description\":\"\",\"publisher\":{\"@id\":\"https:\/\/susalu.pt\/#organization\"},\"potentialAction\":[{\"@type\":\"SearchAction\",\"target\":{\"@type\":\"EntryPoint\",\"urlTemplate\":\"https:\/\/susalu.pt\/?s={search_term_string}\"},\"query-input\":{\"@type\":\"PropertyValueSpecification\",\"valueRequired\":true,\"valueName\":\"search_term_string\"}}],\"inLanguage\":\"de\"},{\"@type\":\"Organization\",\"@id\":\"https:\/\/susalu.pt\/#organization\",\"name\":\"Susa Lu\",\"url\":\"https:\/\/susalu.pt\/\",\"logo\":{\"@type\":\"ImageObject\",\"inLanguage\":\"de\",\"@id\":\"https:\/\/susalu.pt\/#\/schema\/logo\/image\/\",\"url\":\"https:\/\/susalu.pt\/wp-content\/uploads\/2024\/08\/logo-susa-lu.png\",\"contentUrl\":\"https:\/\/susalu.pt\/wp-content\/uploads\/2024\/08\/logo-susa-lu.png\",\"width\":333,\"height\":409,\"caption\":\"Susa Lu\"},\"image\":{\"@id\":\"https:\/\/susalu.pt\/#\/schema\/logo\/image\/\"}}]}<\/script>\n<!-- \/ Yoast SEO plugin. -->","yoast_head_json":{"title":"Contact - Susa Lu","robots":{"index":"index","follow":"follow","max-snippet":"max-snippet:-1","max-image-preview":"max-image-preview:large","max-video-preview":"max-video-preview:-1"},"canonical":"https:\/\/susalu.pt\/de\/contact\/","og_locale":"de_DE","og_type":"article","og_title":"Contact - Susa Lu","og_description":"Reach out Are you interested in my coaching services, retreat offerings, or holiday rental options? Do you have a collaboration idea you&#8217;d like to explore? I would love to hear from you! Please feel free to leave me a message.","og_url":"https:\/\/susalu.pt\/de\/contact\/","og_site_name":"Susa Lu","article_modified_time":"2024-09-30T11:26:31+00:00","schema":{"@context":"https:\/\/schema.org","@graph":[{"@type":"WebPage","@id":"https:\/\/susalu.pt\/contact\/","url":"https:\/\/susalu.pt\/contact\/","name":"Contact - Susa Lu","isPartOf":{"@id":"https:\/\/susalu.pt\/#website"},"datePublished":"2024-05-04T11:59:25+00:00","dateModified":"2024-09-30T11:26:31+00:00","breadcrumb":{"@id":"https:\/\/susalu.pt\/contact\/#breadcrumb"},"inLanguage":"de","potentialAction":[{"@type":"ReadAction","target":["https:\/\/susalu.pt\/contact\/"]}]},{"@type":"BreadcrumbList","@id":"https:\/\/susalu.pt\/contact\/#breadcrumb","itemListElement":[{"@type":"ListItem","position":1,"name":"Startseite","item":"https:\/\/susalu.pt\/"},{"@type":"ListItem","position":2,"name":"Contact"}]},{"@type":"WebSite","@id":"https:\/\/susalu.pt\/#website","url":"https:\/\/susalu.pt\/","name":"Susa Lu","description":"","publisher":{"@id":"https:\/\/susalu.pt\/#organization"},"potentialAction":[{"@type":"SearchAction","target":{"@type":"EntryPoint","urlTemplate":"https:\/\/susalu.pt\/?s={search_term_string}"},"query-input":{"@type":"PropertyValueSpecification","valueRequired":true,"valueName":"search_term_string"}}],"inLanguage":"de"},{"@type":"Organization","@id":"https:\/\/susalu.pt\/#organization","name":"Susa Lu","url":"https:\/\/susalu.pt\/","logo":{"@type":"ImageObject","inLanguage":"de","@id":"https:\/\/susalu.pt\/#\/schema\/logo\/image\/","url":"https:\/\/susalu.pt\/wp-content\/uploads\/2024\/08\/logo-susa-lu.png","contentUrl":"https:\/\/susalu.pt\/wp-content\/uploads\/2024\/08\/logo-susa-lu.png","width":333,"height":409,"caption":"Susa Lu"},"image":{"@id":"https:\/\/susalu.pt\/#\/schema\/logo\/image\/"}}]}},"_links":{"self":[{"href":"https:\/\/susalu.pt\/de\/wp-json\/wp\/v2\/pages\/466","targetHints":{"allow":["GET"]}}],"collection":[{"href":"https:\/\/susalu.pt\/de\/wp-json\/wp\/v2\/pages"}],"about":[{"href":"https:\/\/susalu.pt\/de\/wp-json\/wp\/v2\/types\/page"}],"author":[{"embeddable":true,"href":"https:\/\/susalu.pt\/de\/wp-json\/wp\/v2\/users\/1"}],"replies":[{"embeddable":true,"href":"https:\/\/susalu.pt\/de\/wp-json\/wp\/v2\/comments?post=466"}],"version-history":[{"count":17,"href":"https:\/\/susalu.pt\/de\/wp-json\/wp\/v2\/pages\/466\/revisions"}],"predecessor-version":[{"id":982,"href":"https:\/\/susalu.pt\/de\/wp-json\/wp\/v2\/pages\/466\/revisions\/982"}],"wp:attachment":[{"href":"https:\/\/susalu.pt\/de\/wp-json\/wp\/v2\/media?parent=466"}],"curies":[{"name":"wp","href":"https:\/\/api.w.org\/{rel}","templated":true}]}}